{"id":1162,"date":"2023-09-21T14:37:20","date_gmt":"2023-09-21T14:37:20","guid":{"rendered":"https:\/\/utwpab.pl\/nowa-strona\/?page_id=1162"},"modified":"2023-09-26T12:10:28","modified_gmt":"2023-09-26T12:10:28","slug":"historia","status":"publish","type":"page","link":"https:\/\/utwpab.pl\/index.php\/historia\/","title":{"rendered":"Historia"},"content":{"rendered":"\t\t<div data-elementor-type=\"wp-page\" data-elementor-id=\"1162\" class=\"elementor elementor-1162\">\n\t\t\t\t\t\t\t<div class=\"elementor-element elementor-element-ccd6249 e-flex e-con-boxed e-con e-parent\" data-id=\"ccd6249\" data-element_type=\"container\" data-settings=\"{&quot;content_width&quot;:&quot;boxed&quot;}\" data-core-v316-plus=\"true\">\n\t\t\t\t\t<div class=\"e-con-inner\">\n\t\t\t\t<div class=\"elementor-element elementor-element-fda4acb elementor-widget elementor-widget-text-editor\" data-id=\"fda4acb\" data-element_type=\"widget\" data-widget_type=\"text-editor.default\">\n\t\t\t\t<div class=\"elementor-widget-container\">\n\t\t\t<style>\/*! elementor - v3.16.0 - 20-09-2023 *\/\n.elementor-widget-text-editor.elementor-drop-cap-view-stacked .elementor-drop-cap{background-color:#69727d;color:#fff}.elementor-widget-text-editor.elementor-drop-cap-view-framed .elementor-drop-cap{color:#69727d;border:3px solid;background-color:transparent}.elementor-widget-text-editor:not(.elementor-drop-cap-view-default) .elementor-drop-cap{margin-top:8px}.elementor-widget-text-editor:not(.elementor-drop-cap-view-default) .elementor-drop-cap-letter{width:1em;height:1em}.elementor-widget-text-editor .elementor-drop-cap{float:left;text-align:center;line-height:1;font-size:50px}.elementor-widget-text-editor .elementor-drop-cap-letter{display:inline-block}<\/style>\t\t\t\t<p>Uniwersytet Trzeciego Wieku przy Miejskim O\u015brodku Kultury w Pabianicach powo\u0142any zosta\u0142 z inicjatywy Prezydenta Miasta Pabianic prof. Jana Bernera i rozpocz\u0105\u0142 swoj\u0105 dzia\u0142alno\u015b\u0107 17 listopada 2003 roku.<\/p><p>Ide\u0105 Uniwersytetu jest przede wszystkim aktywizacja intelektualna i spo\u0142eczna ludzi starszych, chc\u0105cych poznawa\u0107 \u015bwiat i rozwija\u0107 swe zainteresowania.<\/p>\t\t\t\t\t\t<\/div>\n\t\t\t\t<\/div>\n\t\t\t\t\t<\/div>\n\t\t\t\t<\/div>\n\t\t<div class=\"elementor-element elementor-element-c7ac060 e-flex e-con-boxed e-con e-parent\" data-id=\"c7ac060\" data-element_type=\"container\" data-settings=\"{&quot;content_width&quot;:&quot;boxed&quot;}\" data-core-v316-plus=\"true\">\n\t\t\t\t\t<div class=\"e-con-inner\">\n\t\t<div class=\"elementor-element elementor-element-14e12b7 e-con-full e-flex e-con e-child\" data-id=\"14e12b7\" data-element_type=\"container\" data-settings=\"{&quot;content_width&quot;:&quot;full&quot;}\">\n\t\t\t\t<div class=\"elementor-element elementor-element-bd828d1 elementor-widget elementor-widget-text-editor\" data-id=\"bd828d1\" data-element_type=\"widget\" data-widget_type=\"text-editor.default\">\n\t\t\t\t<div class=\"elementor-widget-container\">\n\t\t\t\t\t\t\t<p>Formami pracy Uniwersytetu b\u0119d\u0105:<\/p>\t\t\t\t\t\t<\/div>\n\t\t\t\t<\/div>\n\t\t\t\t<div class=\"elementor-element elementor-element-96e96c9 elementor-icon-list--layout-traditional elementor-list-item-link-full_width elementor-widget elementor-widget-icon-list\" data-id=\"96e96c9\" data-element_type=\"widget\" data-widget_type=\"icon-list.default\">\n\t\t\t\t<div class=\"elementor-widget-container\">\n\t\t\t<link rel=\"stylesheet\" href=\"https:\/\/utwpab.pl\/wp-content\/plugins\/elementor\/assets\/css\/widget-icon-list.min.css\">\t\t<ul class=\"elementor-icon-list-items\">\n\t\t\t\t\t\t\t<li class=\"elementor-icon-list-item\">\n\t\t\t\t\t\t\t\t\t\t\t<span class=\"elementor-icon-list-icon\">\n\t\t\t\t\t\t\t<i aria-hidden=\"true\" class=\"fas fa-check\"><\/i>\t\t\t\t\t\t<\/span>\n\t\t\t\t\t\t\t\t\t\t<span class=\"elementor-icon-list-text\">wyk\u0142ady specjalist\u00f3w z r\u00f3\u017cnych dziedzin nauki ( medycyny, historii, literatury, sztuk pi\u0119knych i filozofii)<\/span>\n\t\t\t\t\t\t\t\t\t<\/li>\n\t\t\t\t\t\t\t\t<li class=\"elementor-icon-list-item\">\n\t\t\t\t\t\t\t\t\t\t\t<span class=\"elementor-icon-list-icon\">\n\t\t\t\t\t\t\t<i aria-hidden=\"true\" class=\"fas fa-check\"><\/i>\t\t\t\t\t\t<\/span>\n\t\t\t\t\t\t\t\t\t\t<span class=\"elementor-icon-list-text\">spotkania w grupach tematycznych i dyskusyjnych<\/span>\n\t\t\t\t\t\t\t\t\t<\/li>\n\t\t\t\t\t\t\t\t<li class=\"elementor-icon-list-item\">\n\t\t\t\t\t\t\t\t\t\t\t<span class=\"elementor-icon-list-icon\">\n\t\t\t\t\t\t\t<i aria-hidden=\"true\" class=\"fas fa-check\"><\/i>\t\t\t\t\t\t<\/span>\n\t\t\t\t\t\t\t\t\t\t<span class=\"elementor-icon-list-text\">lektoraty j\u0119zyk\u00f3w obcych<\/span>\n\t\t\t\t\t\t\t\t\t<\/li>\n\t\t\t\t\t\t\t\t<li class=\"elementor-icon-list-item\">\n\t\t\t\t\t\t\t\t\t\t\t<span class=\"elementor-icon-list-icon\">\n\t\t\t\t\t\t\t<i aria-hidden=\"true\" class=\"fas fa-check\"><\/i>\t\t\t\t\t\t<\/span>\n\t\t\t\t\t\t\t\t\t\t<span class=\"elementor-icon-list-text\">dzia\u0142alno\u015b\u0107 rekreacyjno \u2013 poznawcza<\/span>\n\t\t\t\t\t\t\t\t\t<\/li>\n\t\t\t\t\t\t<\/ul>\n\t\t\t\t<\/div>\n\t\t\t\t<\/div>\n\t\t\t\t<div class=\"elementor-element elementor-element-5edea4d elementor-widget elementor-widget-text-editor\" data-id=\"5edea4d\" data-element_type=\"widget\" data-widget_type=\"text-editor.default\">\n\t\t\t\t<div class=\"elementor-widget-container\">\n\t\t\t\t\t\t\t<p>Powo\u0142ane zosta\u0142y sekcje:<\/p>\t\t\t\t\t\t<\/div>\n\t\t\t\t<\/div>\n\t\t\t\t<div class=\"elementor-element elementor-element-1618b80 elementor-icon-list--layout-traditional elementor-list-item-link-full_width elementor-widget elementor-widget-icon-list\" data-id=\"1618b80\" data-element_type=\"widget\" data-widget_type=\"icon-list.default\">\n\t\t\t\t<div class=\"elementor-widget-container\">\n\t\t\t\t\t<ul class=\"elementor-icon-list-items\">\n\t\t\t\t\t\t\t<li class=\"elementor-icon-list-item\">\n\t\t\t\t\t\t\t\t\t\t\t<span class=\"elementor-icon-list-icon\">\n\t\t\t\t\t\t\t<i aria-hidden=\"true\" class=\"fas fa-check\"><\/i>\t\t\t\t\t\t<\/span>\n\t\t\t\t\t\t\t\t\t\t<span class=\"elementor-icon-list-text\">j\u0119zyka angielskiego<\/span>\n\t\t\t\t\t\t\t\t\t<\/li>\n\t\t\t\t\t\t\t\t<li class=\"elementor-icon-list-item\">\n\t\t\t\t\t\t\t\t\t\t\t<span class=\"elementor-icon-list-icon\">\n\t\t\t\t\t\t\t<i aria-hidden=\"true\" class=\"fas fa-check\"><\/i>\t\t\t\t\t\t<\/span>\n\t\t\t\t\t\t\t\t\t\t<span class=\"elementor-icon-list-text\">turystyczna<\/span>\n\t\t\t\t\t\t\t\t\t<\/li>\n\t\t\t\t\t\t<\/ul>\n\t\t\t\t<\/div>\n\t\t\t\t<\/div>\n\t\t\t\t<\/div>\n\t\t<div class=\"elementor-element elementor-element-c638ea2 e-con-full e-flex e-con e-child\" data-id=\"c638ea2\" data-element_type=\"container\" data-settings=\"{&quot;content_width&quot;:&quot;full&quot;}\">\n\t\t\t\t<div class=\"elementor-element elementor-element-09ac93d elementor-widget elementor-widget-text-editor\" data-id=\"09ac93d\" data-element_type=\"widget\" data-widget_type=\"text-editor.default\">\n\t\t\t\t<div class=\"elementor-widget-container\">\n\t\t\t\t\t\t\t<p>Wybrany zosta\u0142 Zarz\u0105d w sk\u0142adzie:<\/p>\t\t\t\t\t\t<\/div>\n\t\t\t\t<\/div>\n\t\t\t\t<div class=\"elementor-element elementor-element-9388e89 elementor-icon-list--layout-traditional elementor-list-item-link-full_width elementor-widget elementor-widget-icon-list\" data-id=\"9388e89\" data-element_type=\"widget\" data-widget_type=\"icon-list.default\">\n\t\t\t\t<div class=\"elementor-widget-container\">\n\t\t\t\t\t<ul class=\"elementor-icon-list-items\">\n\t\t\t\t\t\t\t<li class=\"elementor-icon-list-item\">\n\t\t\t\t\t\t\t\t\t\t\t<span class=\"elementor-icon-list-icon\">\n\t\t\t\t\t\t\t<i aria-hidden=\"true\" class=\"fas fa-circle-notch\"><\/i>\t\t\t\t\t\t<\/span>\n\t\t\t\t\t\t\t\t\t\t<span class=\"elementor-icon-list-text\">Lidia Berner - przewodnicz\u0105ca<\/span>\n\t\t\t\t\t\t\t\t\t<\/li>\n\t\t\t\t\t\t\t\t<li class=\"elementor-icon-list-item\">\n\t\t\t\t\t\t\t\t\t\t\t<span class=\"elementor-icon-list-icon\">\n\t\t\t\t\t\t\t<i aria-hidden=\"true\" class=\"fas fa-circle-notch\"><\/i>\t\t\t\t\t\t<\/span>\n\t\t\t\t\t\t\t\t\t\t<span class=\"elementor-icon-list-text\">Halina Adamiak - skarbnik<\/span>\n\t\t\t\t\t\t\t\t\t<\/li>\n\t\t\t\t\t\t\t\t<li class=\"elementor-icon-list-item\">\n\t\t\t\t\t\t\t\t\t\t\t<span class=\"elementor-icon-list-icon\">\n\t\t\t\t\t\t\t<i aria-hidden=\"true\" class=\"fas fa-circle-notch\"><\/i>\t\t\t\t\t\t<\/span>\n\t\t\t\t\t\t\t\t\t\t<span class=\"elementor-icon-list-text\">El\u017cbieta Berner - sekretarz<\/span>\n\t\t\t\t\t\t\t\t\t<\/li>\n\t\t\t\t\t\t\t\t<li class=\"elementor-icon-list-item\">\n\t\t\t\t\t\t\t\t\t\t\t<span class=\"elementor-icon-list-icon\">\n\t\t\t\t\t\t\t<i aria-hidden=\"true\" class=\"fas fa-circle-notch\"><\/i>\t\t\t\t\t\t<\/span>\n\t\t\t\t\t\t\t\t\t\t<span class=\"elementor-icon-list-text\">Daniela Papiernik - cz\u0142onek Zarz\u0105du<\/span>\n\t\t\t\t\t\t\t\t\t<\/li>\n\t\t\t\t\t\t\t\t<li class=\"elementor-icon-list-item\">\n\t\t\t\t\t\t\t\t\t\t\t<span class=\"elementor-icon-list-icon\">\n\t\t\t\t\t\t\t<i aria-hidden=\"true\" class=\"fas fa-circle-notch\"><\/i>\t\t\t\t\t\t<\/span>\n\t\t\t\t\t\t\t\t\t\t<span class=\"elementor-icon-list-text\">Maria Pietrzak - cz\u0142onek Zarz\u0105du<\/span>\n\t\t\t\t\t\t\t\t\t<\/li>\n\t\t\t\t\t\t\t\t<li class=\"elementor-icon-list-item\">\n\t\t\t\t\t\t\t\t\t\t\t<span class=\"elementor-icon-list-icon\">\n\t\t\t\t\t\t\t<i aria-hidden=\"true\" class=\"fas fa-circle-notch\"><\/i>\t\t\t\t\t\t<\/span>\n\t\t\t\t\t\t\t\t\t\t<span class=\"elementor-icon-list-text\">Alicja Dopart - cz\u0142onek Zarz\u0105du<\/span>\n\t\t\t\t\t\t\t\t\t<\/li>\n\t\t\t\t\t\t\t\t<li class=\"elementor-icon-list-item\">\n\t\t\t\t\t\t\t\t\t\t\t<span class=\"elementor-icon-list-icon\">\n\t\t\t\t\t\t\t<i aria-hidden=\"true\" class=\"fas fa-circle-notch\"><\/i>\t\t\t\t\t\t<\/span>\n\t\t\t\t\t\t\t\t\t\t<span class=\"elementor-icon-list-text\">Karol Weso\u0142y - cz\u0142onek Zarz\u0105du<\/span>\n\t\t\t\t\t\t\t\t\t<\/li>\n\t\t\t\t\t\t<\/ul>\n\t\t\t\t<\/div>\n\t\t\t\t<\/div>\n\t\t\t\t<\/div>\n\t\t\t\t\t<\/div>\n\t\t\t\t<\/div>\n\t\t<div class=\"elementor-element elementor-element-06acafc e-flex e-con-boxed e-con e-parent\" data-id=\"06acafc\" data-element_type=\"container\" data-settings=\"{&quot;content_width&quot;:&quot;boxed&quot;}\" data-core-v316-plus=\"true\">\n\t\t\t\t\t<div class=\"e-con-inner\">\n\t\t\t\t<div class=\"elementor-element elementor-element-f7a09eb elementor-widget elementor-widget-text-editor\" data-id=\"f7a09eb\" data-element_type=\"widget\" data-widget_type=\"text-editor.default\">\n\t\t\t\t<div class=\"elementor-widget-container\">\n\t\t\t\t\t\t\t<p>W roku akademickim 2003\/2004 s\u0142uchacze wys\u0142uchali szereg bardzo interesuj\u00b1cych wyk\u0142ad\u00f3w przeprowadzonych przez wysokiej klasy specjalist\u00f3w:<\/p><ol><li>Wyk\u0142ad inauguracyjny &#8211; \u201eZwalczanie i zapobieganie nowotworom piersi u kobiet i m\u0119\u017cczyzn\u201d &#8211; prof. Jan Berner.<\/li><li>\u201eAktualne mo\u017cliwo\u015bci rozpoznawania i leczenia nerek\u201d &#8211; prof. Witold Chrzanowski.<\/li><li>\u201e \u017bywienie w zdrowiu i w chorobie\u201d &#8211; dr Edward Jab\u0142o\u0144ski.<\/li><li>\u201eWpisani w histori\u0119 miasta\u201d &#8211; mgr Alicja Dopart<\/li><li>\u201e Wielkie miasta i ich problemy\u201d &#8211; prof. Stanis\u0142aw Liszewski.<\/li><li>\u201e R\u00f3\u017cne oblicza kobiety w nowo\u017cytnym malarstwie europejskim\u201d prof. Wanda Nowakowska.<\/li><li>\u201e Architektura dworu obronnego Kapitu\u0142y Krakowskiej w Pabianicach\u201d &#8211; prof. Henryk Jaworski.<\/li><li>\u201e Ukrzy\u017cowany i religie \u015bwiata\u201d &#8211; ks. dr Grzegorz Dziewulski.<\/li><li>\u201e Nie tylko Wo\u0142y\u0144 \u2013 antypolskie akcje nacjonalist\u00f3w ukrai\u0144skich w latach 1943- 1947\u201d<\/li><li>\u201eCodzienne problemy psychologiczno- psychopatologiczne\u201d &#8211; prof. Janusz Pionkowski.<\/li><li>\u201e 650 lat Pabianic\u201d &#8211; prof. Tadeusz Nowak.<\/li><\/ol><p><br \/>W ramach dzia\u0142alno\u015bci rekreacyjno \u2013 poznawczej sekcja turystyczna zorganizowa\u0142a wycieczk\u0119 szlakiem zabytk\u00f3w i ciekawych miejsc Pabianic pod has\u0142em: \u201e Nasze Pabianice.\u201d Trasa wiod\u0142a przez MOSiR- Cmentarz \u017bydowski- Ko\u015bci\u00f3\u0142 \u015bw. Maksymiliana Marii Kolbego \u2013 Park Wolno\u015bci \u2013ulicami: \u017beromskiego, \u015bw. Jana, K. Pu\u0142askiego, &#8211; Zak\u0142ady Farmaceutyczne \u201ePolfa\u201d- Zamek Kapitu\u0142y Krakowskiej \u2013 Ko\u015bci\u00f3\u0142 \u015bw. Mateusza.<\/p><p>Na koniec roku akademickiego certyfikat otrzyma\u0142y 102 osoby.<\/p>\t\t\t\t\t\t<\/div>\n\t\t\t\t<\/div>\n\t\t\t\t\t<\/div>\n\t\t\t\t<\/div>\n\t\t\t\t\t\t\t<\/div>\n\t\t","protected":false},"excerpt":{"rendered":"<p>Uniwersytet Trzeciego Wieku przy Miejskim O\u015brodku Kultury w Pabianicach powo\u0142any zosta\u0142 z inicjatywy Prezydenta Miasta Pabianic prof. Jana Bernera i rozpocz\u0105\u0142 swoj\u0105 dzia\u0142alno\u015b\u0107 17 listopada 2003 roku. Ide\u0105 Uniwersytetu jest przede wszystkim aktywizacja intelektualna i spo\u0142eczna ludzi starszych, chc\u0105cych poznawa\u0107 \u015bwiat i rozwija\u0107 swe zainteresowania. Formami pracy Uniwersytetu b\u0119d\u0105: wyk\u0142ady specjalist\u00f3w z r\u00f3\u017cnych dziedzin nauki [&hellip;]<\/p>\n","protected":false},"author":1,"featured_media":0,"parent":0,"menu_order":0,"comment_status":"closed","ping_status":"closed","template":"","meta":{"footnotes":""},"class_list":["post-1162","page","type-page","status-publish","hentry"],"_links":{"self":[{"href":"https:\/\/utwpab.pl\/index.php\/wp-json\/wp\/v2\/pages\/1162","targetHints":{"allow":["GET"]}}],"collection":[{"href":"https:\/\/utwpab.pl\/index.php\/wp-json\/wp\/v2\/pages"}],"about":[{"href":"https:\/\/utwpab.pl\/index.php\/wp-json\/wp\/v2\/types\/page"}],"author":[{"embeddable":true,"href":"https:\/\/utwpab.pl\/index.php\/wp-json\/wp\/v2\/users\/1"}],"replies":[{"embeddable":true,"href":"https:\/\/utwpab.pl\/index.php\/wp-json\/wp\/v2\/comments?post=1162"}],"version-history":[{"count":29,"href":"https:\/\/utwpab.pl\/index.php\/wp-json\/wp\/v2\/pages\/1162\/revisions"}],"predecessor-version":[{"id":1891,"href":"https:\/\/utwpab.pl\/index.php\/wp-json\/wp\/v2\/pages\/1162\/revisions\/1891"}],"wp:attachment":[{"href":"https:\/\/utwpab.pl\/index.php\/wp-json\/wp\/v2\/media?parent=1162"}],"curies":[{"name":"wp","href":"https:\/\/api.w.org\/{rel}","templated":true}]}}