{"id":1152,"date":"2023-09-21T14:36:16","date_gmt":"2023-09-21T14:36:16","guid":{"rendered":"https:\/\/utwpab.pl\/nowa-strona\/?page_id=1152"},"modified":"2025-09-23T12:22:20","modified_gmt":"2025-09-23T12:22:20","slug":"zarzad","status":"publish","type":"page","link":"https:\/\/utwpab.pl\/index.php\/zarzad\/","title":{"rendered":"Zarz\u0105d"},"content":{"rendered":"\t\t<div data-elementor-type=\"wp-page\" data-elementor-id=\"1152\" class=\"elementor elementor-1152\">\n\t\t\t\t\t\t\t<div class=\"elementor-element elementor-element-6d2c976 e-con-full e-flex e-con e-parent\" data-id=\"6d2c976\" data-element_type=\"container\" data-settings=\"{&quot;content_width&quot;:&quot;full&quot;,&quot;background_background&quot;:&quot;classic&quot;}\" data-core-v316-plus=\"true\">\n\t\t\t\t<div class=\"elementor-element elementor-element-fb335a7 elementor-widget__width-initial elementor-widget elementor-widget-heading\" data-id=\"fb335a7\" data-element_type=\"widget\" data-widget_type=\"heading.default\">\n\t\t\t\t<div class=\"elementor-widget-container\">\n\t\t\t<style>\/*! elementor - v3.16.0 - 20-09-2023 *\/\n.elementor-heading-title{padding:0;margin:0;line-height:1}.elementor-widget-heading .elementor-heading-title[class*=elementor-size-]>a{color:inherit;font-size:inherit;line-height:inherit}.elementor-widget-heading .elementor-heading-title.elementor-size-small{font-size:15px}.elementor-widget-heading .elementor-heading-title.elementor-size-medium{font-size:19px}.elementor-widget-heading .elementor-heading-title.elementor-size-large{font-size:29px}.elementor-widget-heading .elementor-heading-title.elementor-size-xl{font-size:39px}.elementor-widget-heading .elementor-heading-title.elementor-size-xxl{font-size:59px}<\/style><h2 class=\"elementor-heading-title elementor-size-default\">Zarz\u0105d Uniwersytetu Trzeciego Wieku w kadencji 2025-2029<\/h2>\t\t<\/div>\n\t\t\t\t<\/div>\n\t\t<div class=\"elementor-element elementor-element-85a4f2d e-con-full e-flex e-con e-child\" data-id=\"85a4f2d\" data-element_type=\"container\" data-settings=\"{&quot;content_width&quot;:&quot;full&quot;}\">\n\t\t\t\t<div class=\"elementor-element elementor-element-5b8bfba elementor-widget elementor-widget-text-editor\" data-id=\"5b8bfba\" data-element_type=\"widget\" data-widget_type=\"text-editor.default\">\n\t\t\t\t<div class=\"elementor-widget-container\">\n\t\t\t<style>\/*! elementor - v3.16.0 - 20-09-2023 *\/\n.elementor-widget-text-editor.elementor-drop-cap-view-stacked .elementor-drop-cap{background-color:#69727d;color:#fff}.elementor-widget-text-editor.elementor-drop-cap-view-framed .elementor-drop-cap{color:#69727d;border:3px solid;background-color:transparent}.elementor-widget-text-editor:not(.elementor-drop-cap-view-default) .elementor-drop-cap{margin-top:8px}.elementor-widget-text-editor:not(.elementor-drop-cap-view-default) .elementor-drop-cap-letter{width:1em;height:1em}.elementor-widget-text-editor .elementor-drop-cap{float:left;text-align:center;line-height:1;font-size:50px}.elementor-widget-text-editor .elementor-drop-cap-letter{display:inline-block}<\/style>\t\t\t\t<p><strong>Prezes:\u00a0<\/strong><br \/>Ewa Wadowska-Filarska\u00a0<br \/>Tel. +48 505 922 436<br \/>ewa.filarska@op.pl<\/p><p><strong>Zast\u0119pca Prezesa:<\/strong><br \/>El\u017cbieta W\u0142odarska\u00a0<br \/>Tel. +48 782 663 222<\/p><p><strong>Skarbnik:<\/strong><br \/>Hanna Matusiak\u00a0<br \/>Tel. +48 601 595 575<\/p>\t\t\t\t\t\t<\/div>\n\t\t\t\t<\/div>\n\t\t\t\t<\/div>\n\t\t<div class=\"elementor-element elementor-element-16e9f9f e-con-full e-flex e-con e-child\" data-id=\"16e9f9f\" data-element_type=\"container\" data-settings=\"{&quot;content_width&quot;:&quot;full&quot;}\">\n\t\t\t\t<div class=\"elementor-element elementor-element-9a9d242 elementor-widget elementor-widget-text-editor\" data-id=\"9a9d242\" data-element_type=\"widget\" data-widget_type=\"text-editor.default\">\n\t\t\t\t<div class=\"elementor-widget-container\">\n\t\t\t\t\t\t\t<p><strong>Cz\u0142onkowie:<\/strong><br \/>Urszula Pa\u015bnik\u00a0<br \/>Tel. +48 660 993 353<\/p><p>Zofia \u015awieczewska<br \/>Tel. + 48 605 407 113<\/p><p><strong>Honorowy Prezes<\/strong>:<br \/>Lidia Berner\u00a0<\/p>\t\t\t\t\t\t<\/div>\n\t\t\t\t<\/div>\n\t\t\t\t<div class=\"elementor-element elementor-element-9fe0e70 elementor-widget elementor-widget-image\" data-id=\"9fe0e70\" data-element_type=\"widget\" data-widget_type=\"image.default\">\n\t\t\t\t<div class=\"elementor-widget-container\">\n\t\t\t<style>\/*! elementor - v3.16.0 - 20-09-2023 *\/\n.elementor-widget-image{text-align:center}.elementor-widget-image a{display:inline-block}.elementor-widget-image a img[src$=\".svg\"]{width:48px}.elementor-widget-image img{vertical-align:middle;display:inline-block}<\/style>\t\t\t\t\t\t\t\t\t\t\t\t\t<a href=\"http:\/\/utwpab.pl\/nowa-strona\/wp-content\/uploads\/2023\/09\/356650599_1595747474248722_1858566310592648990_n.jpg\" data-elementor-open-lightbox=\"yes\" data-elementor-lightbox-title=\"356650599_1595747474248722_1858566310592648990_n\" data-e-action-hash=\"#elementor-action%3Aaction%3Dlightbox%26settings%3DeyJpZCI6MTgxMywidXJsIjoiaHR0cHM6XC9cL3V0d3BhYi5wbFwvd3AtY29udGVudFwvdXBsb2Fkc1wvMjAyM1wvMDlcLzM1NjY1MDU5OV8xNTk1NzQ3NDc0MjQ4NzIyXzE4NTg1NjYzMTA1OTI2NDg5OTBfbi5qcGcifQ%3D%3D\">\n\t\t\t\t\t\t\t<img loading=\"lazy\" decoding=\"async\" width=\"300\" height=\"169\" src=\"https:\/\/utwpab.pl\/wp-content\/uploads\/2023\/09\/356650599_1595747474248722_1858566310592648990_n-300x169.jpg\" class=\"attachment-medium size-medium wp-image-1813\" alt=\"\" srcset=\"https:\/\/utwpab.pl\/wp-content\/uploads\/2023\/09\/356650599_1595747474248722_1858566310592648990_n-300x169.jpg 300w, https:\/\/utwpab.pl\/wp-content\/uploads\/2023\/09\/356650599_1595747474248722_1858566310592648990_n-768x432.jpg 768w, https:\/\/utwpab.pl\/wp-content\/uploads\/2023\/09\/356650599_1595747474248722_1858566310592648990_n.jpg 960w\" sizes=\"auto, (max-width: 300px) 100vw, 300px\" \/>\t\t\t\t\t\t\t\t<\/a>\n\t\t\t\t\t\t\t\t\t\t\t\t\t\t\t<\/div>\n\t\t\t\t<\/div>\n\t\t\t\t<\/div>\n\t\t\t\t<\/div>\n\t\t\t\t\t\t\t<\/div>\n\t\t","protected":false},"excerpt":{"rendered":"<p>Zarz\u0105d Uniwersytetu Trzeciego Wieku w kadencji 2025-2029 Prezes:\u00a0Ewa Wadowska-Filarska\u00a0Tel. +48 505 922 436ewa.filarska@op.pl Zast\u0119pca Prezesa:El\u017cbieta W\u0142odarska\u00a0Tel. +48 782 663 222 Skarbnik:Hanna Matusiak\u00a0Tel. +48 601 595 575 Cz\u0142onkowie:Urszula Pa\u015bnik\u00a0Tel. +48 660 993 353 Zofia \u015awieczewskaTel. + 48 605 407 113 Honorowy Prezes:Lidia Berner\u00a0<\/p>\n","protected":false},"author":1,"featured_media":0,"parent":0,"menu_order":0,"comment_status":"closed","ping_status":"closed","template":"","meta":{"footnotes":""},"class_list":["post-1152","page","type-page","status-publish","hentry"],"_links":{"self":[{"href":"https:\/\/utwpab.pl\/index.php\/wp-json\/wp\/v2\/pages\/1152","targetHints":{"allow":["GET"]}}],"collection":[{"href":"https:\/\/utwpab.pl\/index.php\/wp-json\/wp\/v2\/pages"}],"about":[{"href":"https:\/\/utwpab.pl\/index.php\/wp-json\/wp\/v2\/types\/page"}],"author":[{"embeddable":true,"href":"https:\/\/utwpab.pl\/index.php\/wp-json\/wp\/v2\/users\/1"}],"replies":[{"embeddable":true,"href":"https:\/\/utwpab.pl\/index.php\/wp-json\/wp\/v2\/comments?post=1152"}],"version-history":[{"count":85,"href":"https:\/\/utwpab.pl\/index.php\/wp-json\/wp\/v2\/pages\/1152\/revisions"}],"predecessor-version":[{"id":2046,"href":"https:\/\/utwpab.pl\/index.php\/wp-json\/wp\/v2\/pages\/1152\/revisions\/2046"}],"wp:attachment":[{"href":"https:\/\/utwpab.pl\/index.php\/wp-json\/wp\/v2\/media?parent=1152"}],"curies":[{"name":"wp","href":"https:\/\/api.w.org\/{rel}","templated":true}]}}