{"id":1148,"date":"2023-09-21T14:35:54","date_gmt":"2023-09-21T14:35:54","guid":{"rendered":"https:\/\/utwpab.pl\/nowa-strona\/?page_id=1148"},"modified":"2023-09-26T09:33:35","modified_gmt":"2023-09-26T09:33:35","slug":"aktualnosci","status":"publish","type":"page","link":"https:\/\/utwpab.pl\/index.php\/aktualnosci\/","title":{"rendered":"Aktualno\u015bci"},"content":{"rendered":"\t\t<div data-elementor-type=\"wp-page\" data-elementor-id=\"1148\" class=\"elementor elementor-1148\">\n\t\t\t\t\t\t\t<div class=\"elementor-element elementor-element-d99371a e-con-full e-flex e-con e-parent\" data-id=\"d99371a\" data-element_type=\"container\" data-settings=\"{&quot;content_width&quot;:&quot;full&quot;,&quot;background_background&quot;:&quot;classic&quot;}\" data-core-v316-plus=\"true\">\n\t\t\t\t<div class=\"elementor-element elementor-element-60df4c9 elementor-widget elementor-widget-shortcode\" data-id=\"60df4c9\" data-element_type=\"widget\" data-widget_type=\"shortcode.default\">\n\t\t\t\t<div class=\"elementor-widget-container\">\n\t\t\t\t\t<div class=\"elementor-shortcode\">\t\t<div class=\"bdp-post-masonry-wrp bdp-clearfix\" id=\"bdp-post-masonry-wrp-1\">\r\n\t\t\t<div class=\"bdp-post-masonry bdp-clearfix bdp-effect-2 bdp-design-2 bdpgrid-2\" id=\"bdp-post-masonry-1\">\r\n\r\n\t\t\t\t<div class=\"bdp-post-grid bdp-medium-6 bdp-columns\">\r\n\t<div class=\"bdp-post-grid-content \">\r\n\t\t\t\t<div class=\"bdp-post-image-bg\">\r\n\t\t\t<a href=\"https:\/\/utwpab.pl\/index.php\/2025\/12\/21\/zyczenia-swiateczne\/\">\r\n\t\t\t\t<img decoding=\"async\" src=\"https:\/\/utwpab.pl\/wp-content\/uploads\/2025\/12\/1-1024x585.png\" alt=\"\u017byczenia \u015bwi\u0105teczne\" \/>\r\n\t\t\t<\/a>\r\n\t\t<\/div>\r\n\t\t\r\n\t\t<div class=\"bdp-post-margin-content\">\r\n\t\t\t\r\n\t\t\t<h2 class=\"bdp-post-title\">\r\n\t\t\t\t<a href=\"https:\/\/utwpab.pl\/index.php\/2025\/12\/21\/zyczenia-swiateczne\/\">\u017byczenia \u015bwi\u0105teczne<\/a>\r\n\t\t\t<\/h2>\r\n\r\n\t\t\t\t\t\t\t<div class=\"bdp-post-meta\">\r\n\t\t\t\t\t\t\t\t\t\t<span class=\"bdp-post-meta-innr bdp-time\"> 21 grudnia, 2025 <\/span>\r\n\t\t\t\t\t\t\t\t\t<\/div>\r\n\t\t\t\t\t\t\t<div class=\"bdp-post-content\">\r\n\t\t\t\t\t<div class=\"bdp-post-short-content\">Z okazji \u015awi\u0105t Bo\u017cego Narodzenia \u017cyczymy rado\u015bci, harmonii i chwil pe\u0142nych serdeczno\u015bci. Niech Nowy Rok 2026 obdarzy Pa\u0144stwa zdrowiem, si\u0142\u0105...<\/div>\r\n\t\t\t\t\t\t\t\t\t\t<a href=\"https:\/\/utwpab.pl\/index.php\/2025\/12\/21\/zyczenia-swiateczne\/\" class=\"bdp-readmorebtn\">Czytaj dalej<\/a>\r\n\t\t\t\t\t\t\t\t\t<\/div>\r\n\t\t\t\t\t<\/div>\r\n\t<\/div>\r\n<\/div><div class=\"bdp-post-grid bdp-medium-6 bdp-columns\">\r\n\t<div class=\"bdp-post-grid-content \">\r\n\t\t\t\t<div class=\"bdp-post-image-bg\">\r\n\t\t\t<a href=\"https:\/\/utwpab.pl\/index.php\/2025\/09\/22\/zapisy-sluchaczy-utw-na-rok-akademicki-2025-2026\/\">\r\n\t\t\t\t<img decoding=\"async\" src=\"https:\/\/utwpab.pl\/wp-content\/uploads\/2025\/09\/504273017_1132751355545452_6109085887134845186_n-1024x576.jpg\" alt=\"Zapisy s\u0142uchaczy UTW na rok akademicki 2025\/2026\" \/>\r\n\t\t\t<\/a>\r\n\t\t<\/div>\r\n\t\t\r\n\t\t<div class=\"bdp-post-margin-content\">\r\n\t\t\t\r\n\t\t\t<h2 class=\"bdp-post-title\">\r\n\t\t\t\t<a href=\"https:\/\/utwpab.pl\/index.php\/2025\/09\/22\/zapisy-sluchaczy-utw-na-rok-akademicki-2025-2026\/\">Zapisy s\u0142uchaczy UTW na rok akademicki 2025\/2026<\/a>\r\n\t\t\t<\/h2>\r\n\r\n\t\t\t\t\t\t\t<div class=\"bdp-post-meta\">\r\n\t\t\t\t\t\t\t\t\t\t<span class=\"bdp-post-meta-innr bdp-time\"> 22 wrze\u015bnia, 2025 <\/span>\r\n\t\t\t\t\t\t\t\t\t<\/div>\r\n\t\t\t\t\t\t\t<div class=\"bdp-post-content\">\r\n\t\t\t\t\t<div class=\"bdp-post-short-content\">Zapisy s\u0142uchaczy UTW na rok akademicki 2025\/2026 odbywa\u0107 b\u0119d\u0105 si\u0119 w dniach 29.09.2025 - 03.10.2025 w godz.10:00-1300 w holu MOK....<\/div>\r\n\t\t\t\t\t\t\t\t\t\t<a href=\"https:\/\/utwpab.pl\/index.php\/2025\/09\/22\/zapisy-sluchaczy-utw-na-rok-akademicki-2025-2026\/\" class=\"bdp-readmorebtn\">Czytaj dalej<\/a>\r\n\t\t\t\t\t\t\t\t\t<\/div>\r\n\t\t\t\t\t<\/div>\r\n\t<\/div>\r\n<\/div><div class=\"bdp-post-grid bdp-medium-6 bdp-columns\">\r\n\t<div class=\"bdp-post-grid-content \">\r\n\t\t\t\t<div class=\"bdp-post-image-bg\">\r\n\t\t\t<a href=\"https:\/\/utwpab.pl\/index.php\/2025\/05\/20\/nowa-kadencja-utw-w-pabianicach-ewa-wadowska-filarska-ponownie-prezesem\/\">\r\n\t\t\t\t<img decoding=\"async\" src=\"https:\/\/utwpab.pl\/wp-content\/uploads\/2025\/05\/499239696_122192110400050573_1715764245929506216_n-1024x708.jpg\" alt=\"Nowa kadencja UTW w Pabianicach Ewa Wadowska \u2013 Filarska ponownie prezesem.\" \/>\r\n\t\t\t<\/a>\r\n\t\t<\/div>\r\n\t\t\r\n\t\t<div class=\"bdp-post-margin-content\">\r\n\t\t\t\r\n\t\t\t<h2 class=\"bdp-post-title\">\r\n\t\t\t\t<a href=\"https:\/\/utwpab.pl\/index.php\/2025\/05\/20\/nowa-kadencja-utw-w-pabianicach-ewa-wadowska-filarska-ponownie-prezesem\/\">Nowa kadencja UTW w Pabianicach Ewa Wadowska \u2013 Filarska ponownie prezesem.<\/a>\r\n\t\t\t<\/h2>\r\n\r\n\t\t\t\t\t\t\t<div class=\"bdp-post-meta\">\r\n\t\t\t\t\t\t\t\t\t\t<span class=\"bdp-post-meta-innr bdp-time\"> 20 maja, 2025 <\/span>\r\n\t\t\t\t\t\t\t\t\t<\/div>\r\n\t\t\t\t\t\t\t<div class=\"bdp-post-content\">\r\n\t\t\t\t\t<div class=\"bdp-post-short-content\">19 maja 2025 roku w Sali widowiskowej Miejskiego O\u015brodka Kultury im. Zbigniewa Herberta w Pabianicach odby\u0142o si\u0119 Og\u00f3lne Zebranie Sprawozdawczo...<\/div>\r\n\t\t\t\t\t\t\t\t\t\t<a href=\"https:\/\/utwpab.pl\/index.php\/2025\/05\/20\/nowa-kadencja-utw-w-pabianicach-ewa-wadowska-filarska-ponownie-prezesem\/\" class=\"bdp-readmorebtn\">Czytaj dalej<\/a>\r\n\t\t\t\t\t\t\t\t\t<\/div>\r\n\t\t\t\t\t<\/div>\r\n\t<\/div>\r\n<\/div><div class=\"bdp-post-grid bdp-medium-6 bdp-columns\">\r\n\t<div class=\"bdp-post-grid-content bdp-no-thumb-image\">\r\n\t\t\r\n\t\t<div class=\"bdp-post-margin-content\">\r\n\t\t\t\r\n\t\t\t<h2 class=\"bdp-post-title\">\r\n\t\t\t\t<a href=\"https:\/\/utwpab.pl\/index.php\/2025\/05\/06\/ogolne-zebranie-sprawozdawczo-wyborcze\/\">Og\u00f3lne Zebranie Sprawozdawczo-Wyborcze<\/a>\r\n\t\t\t<\/h2>\r\n\r\n\t\t\t\t\t\t\t<div class=\"bdp-post-meta\">\r\n\t\t\t\t\t\t\t\t\t\t<span class=\"bdp-post-meta-innr bdp-time\"> 6 maja, 2025 <\/span>\r\n\t\t\t\t\t\t\t\t\t<\/div>\r\n\t\t\t\t\t\t\t<div class=\"bdp-post-content\">\r\n\t\t\t\t\t<div class=\"bdp-post-short-content\">Informujemy, \u017ce Og\u00f3lne Zebranie Sprawozdawczo-Wyborcze odb\u0119dzie si\u0119 w dniu 19.05.2025 roku o godzinie 11:15 w sali widowiskowej MOK, ul. Ko\u015bciuszki...<\/div>\r\n\t\t\t\t\t\t\t\t\t\t<a href=\"https:\/\/utwpab.pl\/index.php\/2025\/05\/06\/ogolne-zebranie-sprawozdawczo-wyborcze\/\" class=\"bdp-readmorebtn\">Czytaj dalej<\/a>\r\n\t\t\t\t\t\t\t\t\t<\/div>\r\n\t\t\t\t\t<\/div>\r\n\t<\/div>\r\n<\/div><div class=\"bdp-post-grid bdp-medium-6 bdp-columns\">\r\n\t<div class=\"bdp-post-grid-content bdp-no-thumb-image\">\r\n\t\t\r\n\t\t<div class=\"bdp-post-margin-content\">\r\n\t\t\t\r\n\t\t\t<h2 class=\"bdp-post-title\">\r\n\t\t\t\t<a href=\"https:\/\/utwpab.pl\/index.php\/2024\/09\/10\/zapisy-sluchaczy-utw-na-rok-akademicki-2024-2025\/\">Zapisy s\u0142uchaczy UTW na rok akademicki 2024\/2025<\/a>\r\n\t\t\t<\/h2>\r\n\r\n\t\t\t\t\t\t\t<div class=\"bdp-post-meta\">\r\n\t\t\t\t\t\t\t\t\t\t<span class=\"bdp-post-meta-innr bdp-time\"> 10 wrze\u015bnia, 2024 <\/span>\r\n\t\t\t\t\t\t\t\t\t<\/div>\r\n\t\t\t\t\t\t\t<div class=\"bdp-post-content\">\r\n\t\t\t\t\t<div class=\"bdp-post-short-content\">Zapisy s\u0142uchaczy UTW na rok akademicki 2024\/2025 odbywa\u0107 b\u0119d\u0105 si\u0119 w dniach 23.09.2024 - 27.09.2024 w godz.1000-1300 w holu MOK....<\/div>\r\n\t\t\t\t\t\t\t\t\t\t<a href=\"https:\/\/utwpab.pl\/index.php\/2024\/09\/10\/zapisy-sluchaczy-utw-na-rok-akademicki-2024-2025\/\" class=\"bdp-readmorebtn\">Czytaj dalej<\/a>\r\n\t\t\t\t\t\t\t\t\t<\/div>\r\n\t\t\t\t\t<\/div>\r\n\t<\/div>\r\n<\/div><div class=\"bdp-post-grid bdp-medium-6 bdp-columns\">\r\n\t<div class=\"bdp-post-grid-content \">\r\n\t\t\t\t<div class=\"bdp-post-image-bg\">\r\n\t\t\t<a href=\"https:\/\/utwpab.pl\/index.php\/2023\/09\/25\/zapisy-ruszyly\/\">\r\n\t\t\t\t<img decoding=\"async\" src=\"https:\/\/utwpab.pl\/wp-content\/uploads\/2023\/09\/382789891_122104570850050573_2622146361912830448_n-1-1024x897.jpg\" alt=\"Zapisy ruszy\u0142y\" \/>\r\n\t\t\t<\/a>\r\n\t\t<\/div>\r\n\t\t\r\n\t\t<div class=\"bdp-post-margin-content\">\r\n\t\t\t\r\n\t\t\t<h2 class=\"bdp-post-title\">\r\n\t\t\t\t<a href=\"https:\/\/utwpab.pl\/index.php\/2023\/09\/25\/zapisy-ruszyly\/\">Zapisy ruszy\u0142y<\/a>\r\n\t\t\t<\/h2>\r\n\r\n\t\t\t\t\t\t\t<div class=\"bdp-post-meta\">\r\n\t\t\t\t\t\t\t\t\t\t<span class=\"bdp-post-meta-innr bdp-time\"> 25 wrze\u015bnia, 2023 <\/span>\r\n\t\t\t\t\t\t\t\t\t<\/div>\r\n\t\t\t\t\t\t\t<div class=\"bdp-post-content\">\r\n\t\t\t\t\t<div class=\"bdp-post-short-content\">Zacz\u0119\u0142o si\u0119! Zapisy na rok akademicki 2023\/2024 ruszy\u0142y pe\u0142n\u0105 par\u0105. Je\u015bli dzi\u015b nie zd\u0105\u017cyli\u015bcie, czekamy na Was do 29 wrze\u015bnia...<\/div>\r\n\t\t\t\t\t\t\t\t\t\t<a href=\"https:\/\/utwpab.pl\/index.php\/2023\/09\/25\/zapisy-ruszyly\/\" class=\"bdp-readmorebtn\">Czytaj dalej<\/a>\r\n\t\t\t\t\t\t\t\t\t<\/div>\r\n\t\t\t\t\t<\/div>\r\n\t<\/div>\r\n<\/div><div class=\"bdp-post-grid bdp-medium-6 bdp-columns\">\r\n\t<div class=\"bdp-post-grid-content \">\r\n\t\t\t\t<div class=\"bdp-post-image-bg\">\r\n\t\t\t<a href=\"https:\/\/utwpab.pl\/index.php\/2023\/09\/12\/zapisy-na-rok-akademicki-2023-2024\/\">\r\n\t\t\t\t<img decoding=\"async\" src=\"https:\/\/utwpab.pl\/wp-content\/uploads\/2023\/09\/351140893_1822609748141025_2609823810523367682_n-1024x682.jpg\" alt=\"Rok akademicki 2023\/2024 &#8211; zapisy i informacje\" \/>\r\n\t\t\t<\/a>\r\n\t\t<\/div>\r\n\t\t\r\n\t\t<div class=\"bdp-post-margin-content\">\r\n\t\t\t\r\n\t\t\t<h2 class=\"bdp-post-title\">\r\n\t\t\t\t<a href=\"https:\/\/utwpab.pl\/index.php\/2023\/09\/12\/zapisy-na-rok-akademicki-2023-2024\/\">Rok akademicki 2023\/2024 &#8211; zapisy i informacje<\/a>\r\n\t\t\t<\/h2>\r\n\r\n\t\t\t\t\t\t\t<div class=\"bdp-post-meta\">\r\n\t\t\t\t\t\t\t\t\t\t<span class=\"bdp-post-meta-innr bdp-time\"> 12 wrze\u015bnia, 2023 <\/span>\r\n\t\t\t\t\t\t\t\t\t<\/div>\r\n\t\t\t\t\t\t\t<div class=\"bdp-post-content\">\r\n\t\t\t\t\t<div class=\"bdp-post-short-content\">Zapisy s\u0142uchaczy UTWna rok akademicki 2023\/2024odbywa\u0107 b\u0119d\u0105 si\u0119 w dniach25.09.2023 - 29.09.2023 w godz. 10:00-13:00w holu MOK.Op\u0142aty;Dla sta\u0142ych s\u0142uchaczy 100...<\/div>\r\n\t\t\t\t\t\t\t\t\t\t<a href=\"https:\/\/utwpab.pl\/index.php\/2023\/09\/12\/zapisy-na-rok-akademicki-2023-2024\/\" class=\"bdp-readmorebtn\">Czytaj dalej<\/a>\r\n\t\t\t\t\t\t\t\t\t<\/div>\r\n\t\t\t\t\t<\/div>\r\n\t<\/div>\r\n<\/div><div class=\"bdp-post-grid bdp-medium-6 bdp-columns\">\r\n\t<div class=\"bdp-post-grid-content \">\r\n\t\t\t\t<div class=\"bdp-post-image-bg\">\r\n\t\t\t<a href=\"https:\/\/utwpab.pl\/index.php\/2023\/06\/07\/jubileusz-xx-lecia-oraz-zakonczenie-roku-akademickiego\/\">\r\n\t\t\t\t<img decoding=\"async\" src=\"https:\/\/utwpab.pl\/wp-content\/uploads\/2023\/09\/352226654_266897742526942_5335567063807352795_n-1-1024x682.jpg\" alt=\"Jubileusz XX-lecia oraz zako\u0144czenie roku akademickiego\" \/>\r\n\t\t\t<\/a>\r\n\t\t<\/div>\r\n\t\t\r\n\t\t<div class=\"bdp-post-margin-content\">\r\n\t\t\t\r\n\t\t\t<h2 class=\"bdp-post-title\">\r\n\t\t\t\t<a href=\"https:\/\/utwpab.pl\/index.php\/2023\/06\/07\/jubileusz-xx-lecia-oraz-zakonczenie-roku-akademickiego\/\">Jubileusz XX-lecia oraz zako\u0144czenie roku akademickiego<\/a>\r\n\t\t\t<\/h2>\r\n\r\n\t\t\t\t\t\t\t<div class=\"bdp-post-meta\">\r\n\t\t\t\t\t\t\t\t\t\t<span class=\"bdp-post-meta-innr bdp-time\"> 7 czerwca, 2023 <\/span>\r\n\t\t\t\t\t\t\t\t\t<\/div>\r\n\t\t\t\t\t\t\t<div class=\"bdp-post-content\">\r\n\t\t\t\t\t<div class=\"bdp-post-short-content\">Jubileusz XX-lecia oraz zako\u0144czenie roku akademickiego Uniwersytetu Trzeciego Wieku w Pabianicach w obiektywie Ireny Maciejewskiej. Teraz pozostaje nam tylko \u017cyczy\u0107...<\/div>\r\n\t\t\t\t\t\t\t\t\t\t<a href=\"https:\/\/utwpab.pl\/index.php\/2023\/06\/07\/jubileusz-xx-lecia-oraz-zakonczenie-roku-akademickiego\/\" class=\"bdp-readmorebtn\">Czytaj dalej<\/a>\r\n\t\t\t\t\t\t\t\t\t<\/div>\r\n\t\t\t\t\t<\/div>\r\n\t<\/div>\r\n<\/div><div class=\"bdp-post-grid bdp-medium-6 bdp-columns\">\r\n\t<div class=\"bdp-post-grid-content \">\r\n\t\t\t\t<div class=\"bdp-post-image-bg\">\r\n\t\t\t<a href=\"https:\/\/utwpab.pl\/index.php\/2022\/06\/07\/zakonczenie-roku-akademickiego-2021-2022\/\">\r\n\t\t\t\t<img decoding=\"async\" src=\"https:\/\/utwpab.pl\/wp-content\/uploads\/2023\/09\/284785905_383255480495047_2564852069503827116_n-1024x768.jpg\" alt=\"Zako\u0144czenie roku akademickiego 2021\/2022\" \/>\r\n\t\t\t<\/a>\r\n\t\t<\/div>\r\n\t\t\r\n\t\t<div class=\"bdp-post-margin-content\">\r\n\t\t\t\r\n\t\t\t<h2 class=\"bdp-post-title\">\r\n\t\t\t\t<a href=\"https:\/\/utwpab.pl\/index.php\/2022\/06\/07\/zakonczenie-roku-akademickiego-2021-2022\/\">Zako\u0144czenie roku akademickiego 2021\/2022<\/a>\r\n\t\t\t<\/h2>\r\n\r\n\t\t\t\t\t\t\t<div class=\"bdp-post-meta\">\r\n\t\t\t\t\t\t\t\t\t\t<span class=\"bdp-post-meta-innr bdp-time\"> 7 czerwca, 2022 <\/span>\r\n\t\t\t\t\t\t\t\t\t<\/div>\r\n\t\t\t\t\t\t\t<div class=\"bdp-post-content\">\r\n\t\t\t\t\t<div class=\"bdp-post-short-content\">Wczoraj Uniwersytet Trzeciego Wieku zako\u0144czy\u0142 rok akademicki 2021\/2022. Gratulujemy zapa\u0142u, zaanga\u017cowania i ch\u0119ci ci\u0105g\u0142ego rozwoju! \u017byczymy udanych wakacji! Uroczysto\u015b\u0107 zosta\u0142a...<\/div>\r\n\t\t\t\t\t\t\t\t\t\t<a href=\"https:\/\/utwpab.pl\/index.php\/2022\/06\/07\/zakonczenie-roku-akademickiego-2021-2022\/\" class=\"bdp-readmorebtn\">Czytaj dalej<\/a>\r\n\t\t\t\t\t\t\t\t\t<\/div>\r\n\t\t\t\t\t<\/div>\r\n\t<\/div>\r\n<\/div>\t\t\t<\/div>\r\n\r\n\t\t\t\t\t<\/div>\r\n\t<\/div>\n\t\t\t\t<\/div>\n\t\t\t\t<\/div>\n\t\t\t\t<\/div>\n\t\t\t\t\t\t\t<\/div>\n\t\t","protected":false},"excerpt":{"rendered":"","protected":false},"author":1,"featured_media":0,"parent":0,"menu_order":0,"comment_status":"closed","ping_status":"closed","template":"","meta":{"footnotes":""},"class_list":["post-1148","page","type-page","status-publish","hentry"],"_links":{"self":[{"href":"https:\/\/utwpab.pl\/index.php\/wp-json\/wp\/v2\/pages\/1148","targetHints":{"allow":["GET"]}}],"collection":[{"href":"https:\/\/utwpab.pl\/index.php\/wp-json\/wp\/v2\/pages"}],"about":[{"href":"https:\/\/utwpab.pl\/index.php\/wp-json\/wp\/v2\/types\/page"}],"author":[{"embeddable":true,"href":"https:\/\/utwpab.pl\/index.php\/wp-json\/wp\/v2\/users\/1"}],"replies":[{"embeddable":true,"href":"https:\/\/utwpab.pl\/index.php\/wp-json\/wp\/v2\/comments?post=1148"}],"version-history":[{"count":19,"href":"https:\/\/utwpab.pl\/index.php\/wp-json\/wp\/v2\/pages\/1148\/revisions"}],"predecessor-version":[{"id":1511,"href":"https:\/\/utwpab.pl\/index.php\/wp-json\/wp\/v2\/pages\/1148\/revisions\/1511"}],"wp:attachment":[{"href":"https:\/\/utwpab.pl\/index.php\/wp-json\/wp\/v2\/media?parent=1148"}],"curies":[{"name":"wp","href":"https:\/\/api.w.org\/{rel}","templated":true}]}}